{"id":10,"date":"2014-07-01T10:25:04","date_gmt":"2014-07-01T10:25:04","guid":{"rendered":"http:\/\/kalifaticoexpialidoso.wordpress.com\/?page_id=10"},"modified":"2016-11-16T20:09:08","modified_gmt":"2016-11-16T20:09:08","slug":"proyectos","status":"publish","type":"page","link":"http:\/\/www.juanramonplana.es\/index.php\/proyectos\/","title":{"rendered":"Andanzas"},"content":{"rendered":"<p>He dedicado toda mi vida profesional a la comunicaci\u00f3n; y la conclusi\u00f3n es que me encanta estar con las personas. Comunicarme con ellas. Directamente.<\/p>\n<p>Hay herramientas que facilitan la transmisi\u00f3n puntual de algunos conocimientos y datos concretos, pero no hay ning\u00fan acto m\u00e1s hermoso que la transmisi\u00f3n directa de nuestra alegr\u00eda y nuestros sentimientos.<\/p>\n<p>Me encanta la energ\u00eda de los grandes auditorios, donde las personas siguen con expectaci\u00f3n la evoluci\u00f3n de los ponentes. Porque los seres humanos seguimos necesitando que nos cuenten historias, que nos hagan part\u00edcipes de sus alegr\u00edas. Que nos conmuevan.<\/p>\n<p>Por ello, estoy profundamente agradecido a mis amigos y compa\u00f1eros que me\u00a0 ofrecen, desde hace a\u00f1os, protagonizar\u00a0 la entrega de distintos y prestigiosos galardones del sector de la comunicaci\u00f3n. De mi sector.<\/p>\n<p>&nbsp;<\/p>\n<div id=\"attachment_96\" style=\"width: 160px\" class=\"wp-caption alignleft\"><a href=\"https:\/\/kalifaticoexpialidoso.wordpress.com\/portfolio\/divert\/\" rel=\"attachment wp-att-96\"><img loading=\"lazy\" decoding=\"async\" aria-describedby=\"caption-attachment-96\" class=\"wp-image-96\" title=\"Premios Eficacia\" src=\"http:\/\/www.juanramonplana.es\/wp-content\/uploads\/2016\/01\/03-11-13-eventisimo-eficacia.jpg?w=150\" alt=\"Eventisimo Eficacia 2011\" width=\"150\" height=\"100\" srcset=\"http:\/\/www.juanramonplana.es\/wp-content\/uploads\/2016\/01\/03-11-13-eventisimo-eficacia.jpg 393w, http:\/\/www.juanramonplana.es\/wp-content\/uploads\/2016\/01\/03-11-13-eventisimo-eficacia-300x200.jpg 300w\" sizes=\"(max-width: 150px) 100vw, 150px\" \/><\/a><p id=\"caption-attachment-96\" class=\"wp-caption-text\">Premios Eficacia Publicitaria<\/p><\/div>\n<div id=\"attachment_270\" style=\"width: 130px\" class=\"wp-caption alignright\"><a href=\"https:\/\/kalifaticoexpialidoso.wordpress.com\/portfolio\/aster\/\" rel=\"attachment wp-att-270\"><img loading=\"lazy\" decoding=\"async\" aria-describedby=\"caption-attachment-270\" class=\"wp-image-270\" src=\"http:\/\/www.juanramonplana.es\/wp-content\/uploads\/2016\/03\/aster-antonio-lopez_th_4.jpg?w=110\" alt=\"Premios Aster. Antonio L\u00f3pez y Juan Ram\u00f3n Plana\" width=\"120\" height=\"122\" \/><\/a><p id=\"caption-attachment-270\" class=\"wp-caption-text\">Premios Aster<\/p><\/div>\n<div id=\"attachment_85\" style=\"width: 160px\" class=\"wp-caption alignleft\"><a href=\"http:\/\/www.juanramonplana.es\/wp-content\/uploads\/2015\/12\/jrp-02-academia_2013-jr_0013.jpg\" rel=\"attachment wp-att-85\"><img loading=\"lazy\" decoding=\"async\" aria-describedby=\"caption-attachment-85\" class=\"wp-image-85 size-thumbnail\" src=\"http:\/\/www.juanramonplana.es\/wp-content\/uploads\/2015\/12\/jrp-02-academia_2013-jr_0013.jpg?w=150\" alt=\"Juan Ram\u00f3n Plana en la Academia de Publicidad\" width=\"150\" height=\"100\" srcset=\"http:\/\/www.juanramonplana.es\/wp-content\/uploads\/2015\/12\/jrp-02-academia_2013-jr_0013.jpg 1100w, http:\/\/www.juanramonplana.es\/wp-content\/uploads\/2015\/12\/jrp-02-academia_2013-jr_0013-300x200.jpg 300w, http:\/\/www.juanramonplana.es\/wp-content\/uploads\/2015\/12\/jrp-02-academia_2013-jr_0013-768x512.jpg 768w, http:\/\/www.juanramonplana.es\/wp-content\/uploads\/2015\/12\/jrp-02-academia_2013-jr_0013-1024x682.jpg 1024w\" sizes=\"(max-width: 150px) 100vw, 150px\" \/><\/a><p id=\"caption-attachment-85\" class=\"wp-caption-text\">Autocontrol<\/p><\/div>\n<div id=\"attachment_280\" style=\"width: 160px\" class=\"wp-caption alignright\"><a href=\"https:\/\/kalifaticoexpialidoso.wordpress.com\/portfolio\/future-of-advertising\/\" rel=\"attachment wp-att-280\"><img loading=\"lazy\" decoding=\"async\" aria-describedby=\"caption-attachment-280\" class=\"wp-image-280 size-thumbnail\" src=\"http:\/\/www.juanramonplana.es\/wp-content\/uploads\/2016\/03\/caricatura-jrp-foa-2016.jpg?w=150\" alt=\"Panoplia en caricatura de los ponentes de Future of Advertising 2016\" width=\"150\" height=\"84\" srcset=\"http:\/\/www.juanramonplana.es\/wp-content\/uploads\/2016\/03\/caricatura-jrp-foa-2016.jpg 800w, http:\/\/www.juanramonplana.es\/wp-content\/uploads\/2016\/03\/caricatura-jrp-foa-2016-300x169.jpg 300w, http:\/\/www.juanramonplana.es\/wp-content\/uploads\/2016\/03\/caricatura-jrp-foa-2016-768x432.jpg 768w\" sizes=\"(max-width: 150px) 100vw, 150px\" \/><\/a><p id=\"caption-attachment-280\" class=\"wp-caption-text\">Future of Advertising<\/p><\/div>\n<iframe loading=\"lazy\"  id=\"_ytid_74902\"  width=\"529\" height=\"298\"  data-origwidth=\"529\" data-origheight=\"298\" src=\"https:\/\/www.youtube.com\/embed\/aEWOstOEQv0?enablejsapi=1&autoplay=0&cc_load_policy=0&cc_lang_pref=&iv_load_policy=1&loop=0&modestbranding=0&rel=1&fs=1&playsinline=0&autohide=2&theme=dark&color=red&controls=1&\" class=\"__youtube_prefs__  no-lazyload\" title=\"YouTube player\"  allow=\"fullscreen; accelerometer; autoplay; clipboard-write; encrypted-media; gyroscope; picture-in-picture\" allowfullscreen data-no-lazy=\"1\" data-skipgform_ajax_framebjll=\"\"><\/iframe>\n","protected":false},"excerpt":{"rendered":"<p>He dedicado toda mi vida profesional a la comunicaci\u00f3n; y la conclusi\u00f3n es que me encanta estar con las personas. &hellip;<\/p>\n<p><a href=\"http:\/\/www.juanramonplana.es\/index.php\/proyectos\/\">Continue reading <span class=\"meta-nav\">&rarr;<\/span><\/a><\/p>\n","protected":false},"author":1,"featured_media":170,"parent":0,"menu_order":2,"comment_status":"closed","ping_status":"closed","template":"","meta":{"footnotes":""},"_links":{"self":[{"href":"http:\/\/www.juanramonplana.es\/index.php\/wp-json\/wp\/v2\/pages\/10"}],"collection":[{"href":"http:\/\/www.juanramonplana.es\/index.php\/wp-json\/wp\/v2\/pages"}],"about":[{"href":"http:\/\/www.juanramonplana.es\/index.php\/wp-json\/wp\/v2\/types\/page"}],"author":[{"embeddable":true,"href":"http:\/\/www.juanramonplana.es\/index.php\/wp-json\/wp\/v2\/users\/1"}],"replies":[{"embeddable":true,"href":"http:\/\/www.juanramonplana.es\/index.php\/wp-json\/wp\/v2\/comments?post=10"}],"version-history":[{"count":5,"href":"http:\/\/www.juanramonplana.es\/index.php\/wp-json\/wp\/v2\/pages\/10\/revisions"}],"predecessor-version":[{"id":442,"href":"http:\/\/www.juanramonplana.es\/index.php\/wp-json\/wp\/v2\/pages\/10\/revisions\/442"}],"wp:featuredmedia":[{"embeddable":true,"href":"http:\/\/www.juanramonplana.es\/index.php\/wp-json\/wp\/v2\/media\/170"}],"wp:attachment":[{"href":"http:\/\/www.juanramonplana.es\/index.php\/wp-json\/wp\/v2\/media?parent=10"}],"curies":[{"name":"wp","href":"https:\/\/api.w.org\/{rel}","templated":true}]}}