{"id":330,"date":"2016-11-16T12:08:48","date_gmt":"2016-11-16T12:08:48","guid":{"rendered":"http:\/\/www.juanramonplana.es\/?page_id=330"},"modified":"2016-11-16T15:01:48","modified_gmt":"2016-11-16T15:01:48","slug":"future-of-advertising","status":"publish","type":"page","link":"http:\/\/www.juanramonplana.es\/index.php\/future-of-advertising\/","title":{"rendered":"Future Of Advertising"},"content":{"rendered":"<div id=\"grid-gallery-1-89185\" data-gg-id=\"1\" data-title=\"Future Of Advertising\" data-grid-type=\"3\" data-offset=\"0\" data-area-position=\"center\" data-icons=\"\" data-preloader=\"true\" data-width=\"215\" data-height=\"215\" data-padding=\"0\" data-quicksand=\"disabled\" data-quicksand-duration=\"none\" data-popup-theme=\"theme_7\" data-popup-type=\"colorbox\" data-popup-fadeOut=\"300\" data-columns-number=\"3\" data-popup-image-text=\"data-caption\" data-popup-widthsize=\"auto\" data-popup-heightsize=\"auto\" data-popup-i18n-words=\"{&quot;close&quot;:&quot;cerrar&quot;,&quot;next&quot;:&quot;siguiente&quot;,&quot;previous&quot;:&quot;anterior&quot;,&quot;start_slideshow&quot;:&quot;comenzar reproducci\\u00f3n&quot;,&quot;stop_slideshow&quot;:&quot;detener reproducci\\u00f3n&quot;,&quot;image&quot;:&quot;imagen&quot;,&quot;of&quot;:&quot;de&quot;,&quot;prev&quot;:&quot;ant&quot;,&quot;cExpand&quot;:&quot;Ampliar&quot;,&quot;cPrevious&quot;:&quot;Anterior&quot;,&quot;cNext&quot;:&quot;Siguiente&quot;,&quot;cExpandStr&quot;:&quot;Expandir la imagen&quot;,&quot;cRotate&quot;:&quot;Gire&quot;,&quot;cDetails&quot;:&quot;Details&quot;}\" data-popup-slideshow=\"false\" data-popup-slideshow-speed=\"2500\" data-popup-hoverstop=\"false\" data-popup-slideshow-auto=\"false\" data-popup-background=\"\" data-popup-transparency=\"30\" data-popup-disable-history=\"\" data-popup-disable-changed-url=\"\" data-popup-border-type=\"\" data-popup-border-color=\"\" data-popup-border-width=\"\" data-popup-border-enable=\"\" data-fullscreen=\"false\" data-hide-tooltip=\"false\" data-caption-font-family=\"Default\" data-caption-text-size=\"140\" data-is-mobile=\"0\" data-caption-mobile=\"false\" data-hide-long-tltp-title=\"0\" data-caption-disabled-on-mobile=\"false\" data-responsive-colums=\"{&quot;desktop&quot;:{&quot;width&quot;:&quot;1200&quot;,&quot;columns&quot;:&quot;3&quot;},&quot;tablet&quot;:{&quot;width&quot;:&quot;768&quot;,&quot;columns&quot;:&quot;3&quot;},&quot;mobile&quot;:{&quot;width&quot;:&quot;320&quot;,&quot;columns&quot;:&quot;3&quot;}}\" data-popup-placement-type=\"0\" data-social-sharing=\"{&quot;enabled&quot;:&quot;&quot;,&quot;gallerySharing&quot;:{&quot;enabled&quot;:null,&quot;position&quot;:null},&quot;imageSharing&quot;:{&quot;enabled&quot;:null,&quot;wrapperClass&quot;:&quot; vertical \\n &quot;},&quot;popupSharing&quot;:{&quot;enabled&quot;:null,&quot;wrapperClass&quot;:&quot; vertical \\n &quot;}}\" class=\"grid-gallery grid-gallery-fixed \" style=\" width:100%; height:auto ; margin-left:auto; margin-right:auto; position:relative;\" > <div class=\"gallery-loading\"> <div class=\"blocks\"> <div class=\"block\"><\/div> <div class=\"block\"><\/div> <div class=\"block\"><\/div> <div class=\"block\"><\/div> <\/div> <\/div> <div class=\"gallery-sharing-top\" style=\"display:none;\"> <\/div> <div id=\"photos-1\" class=\"grid-gallery-photos \" > <FIGURE class=\"grid-gallery-caption \" data-grid-gallery-type=\"revolving-door-left\" data-index=\"0\" style=\"display:none;border-radius: 00; ; margin: 0px; width:2150;\" ><div class=\"crop \" style=\" width:2150; height:2150; overflow:hidden; \"><img decoding=\"async\" src=\"http:\/\/www.juanramonplana.es\/wp-content\/uploads\/2016\/03\/jrp-y-bb-foa-2016-215x215.jpg\" class=\"ggImg ggNotInitImg\" alt=\"JRP y BB FOA 2016\" title=\"JRP y BB FOA 2016\" data-description=\"JRP y BB FOA 2016\" data-caption=\"Juan Ram\u00f3n Plana y Belen Bovilles, coautores de \u201cEl coleccionista de saludos\u201d\" data-title=\"JRP y BB FOA 2016\" style=\" width:215px; height:215px; \" \/><\/div><FIGCAPTION class=\"\" data-alpha=\"5\" style=\"color:#ffffff; background-color:#0a076d; font-size:140; text-align:left; font-family:Default;\" ><div class=\"grid-gallery-figcaption-wrap\" style=\" \"><\/div><\/FIGCAPTION><\/FIGURE> <FIGURE class=\"grid-gallery-caption \" data-grid-gallery-type=\"revolving-door-left\" data-index=\"1\" style=\"display:none;border-radius: 00; ; margin: 0px; width:2150;\" ><div class=\"crop \" style=\" width:2150; height:2150; overflow:hidden; \"><img decoding=\"async\" src=\"http:\/\/www.juanramonplana.es\/wp-content\/uploads\/2016\/03\/jr-foa-2016-y-bb-de-fotografa-1-215x215.jpg\" class=\"ggImg ggNotInitImg\" alt=\"JR FOA 2016 y BB de fotografa (1)\" title=\"JR FOA 2016 y BB de fotografa (1)\" data-description=\"JR FOA 2016 y BB de fotografa (1)\" data-caption=\"Juan Ram\u00f3n inaugurando el Congreso de El Futuro de la Publicidad\" data-title=\"JR FOA 2016 y BB de fotografa (1)\" style=\" width:215px; height:215px; \" \/><\/div><FIGCAPTION class=\"\" data-alpha=\"5\" style=\"color:#ffffff; background-color:#0a076d; font-size:140; text-align:left; font-family:Default;\" ><div class=\"grid-gallery-figcaption-wrap\" style=\" \"><\/div><\/FIGCAPTION><\/FIGURE> <FIGURE class=\"grid-gallery-caption \" data-grid-gallery-type=\"revolving-door-left\" data-index=\"2\" style=\"display:none;border-radius: 00; ; margin: 0px; width:2150;\" ><div class=\"crop \" style=\" width:2150; height:2150; overflow:hidden; \"><img decoding=\"async\" src=\"http:\/\/www.juanramonplana.es\/wp-content\/uploads\/2016\/03\/foa-2016-juan-ramocc81n-plana-215x215.jpg\" class=\"ggImg ggNotInitImg\" alt=\"FOA 2016 JUAN RAMO\u0301N PLANA\" title=\"FOA 2016 JUAN RAMO\u0301N PLANA\" data-description=\"FOA 2016 JUAN RAMO\u0301N PLANA\" data-caption=\"Digresi\u00f3n de Juan Ram\u00f3n y Javier sobre el futuro de la publicidad\" data-title=\"FOA 2016 JUAN RAMO\u0301N PLANA\" style=\" width:215px; height:215px; \" \/><\/div><FIGCAPTION class=\"\" data-alpha=\"5\" style=\"color:#ffffff; background-color:#0a076d; font-size:140; text-align:left; font-family:Default;\" ><div class=\"grid-gallery-figcaption-wrap\" style=\" \"><\/div><\/FIGCAPTION><\/FIGURE> <FIGURE class=\"grid-gallery-caption \" data-grid-gallery-type=\"revolving-door-left\" data-index=\"3\" style=\"display:none;border-radius: 00; ; margin: 0px; width:2150;\" ><div class=\"crop \" style=\" width:2150; height:2150; overflow:hidden; \"><img decoding=\"async\" src=\"http:\/\/www.juanramonplana.es\/wp-content\/uploads\/2016\/03\/caricatura-jrp-foa-2016-215x215.jpg\" class=\"ggImg ggNotInitImg\" alt=\"caricatura JRP FOA 2016\" title=\"caricatura JRP FOA 2016\" data-description=\"caricatura JRP FOA 2016\" data-caption=\"Caricatura Panoplia de Ponentes del FOA 2016\" data-title=\"caricatura JRP FOA 2016\" style=\" width:215px; height:215px; \" \/><\/div><FIGCAPTION class=\"\" data-alpha=\"5\" style=\"color:#ffffff; background-color:#0a076d; font-size:140; text-align:left; font-family:Default;\" ><div class=\"grid-gallery-figcaption-wrap\" style=\" \"><\/div><\/FIGCAPTION><\/FIGURE> <FIGURE class=\"grid-gallery-caption \" data-grid-gallery-type=\"revolving-door-left\" data-index=\"4\" style=\"display:none;border-radius: 00; ; margin: 0px; width:2150;\" ><div class=\"crop \" style=\" width:2150; height:2150; overflow:hidden; \"><img decoding=\"async\" src=\"http:\/\/www.juanramonplana.es\/wp-content\/uploads\/2016\/03\/jrp-foa-2016-buena-foto-215x215.jpg\" class=\"ggImg ggNotInitImg\" alt=\"JRP FOA 2016 BUENA FOTO\" title=\"JRP FOA 2016 BUENA FOTO\" data-description=\"JRP FOA 2016 BUENA FOTO\" data-caption=\"Juan Ram\u00f3n Plana presentando el FOA 2016\" data-title=\"JRP FOA 2016 BUENA FOTO\" style=\" width:215px; height:215px; \" \/><\/div><FIGCAPTION class=\"\" data-alpha=\"5\" style=\"color:#ffffff; background-color:#0a076d; font-size:140; text-align:left; font-family:Default;\" ><div class=\"grid-gallery-figcaption-wrap\" style=\" \"><\/div><\/FIGCAPTION><\/FIGURE> <FIGURE class=\"grid-gallery-caption \" data-grid-gallery-type=\"revolving-door-left\" data-index=\"5\" style=\"display:none;border-radius: 00; ; margin: 0px; width:2150;\" ><div class=\"crop \" style=\" width:2150; height:2150; overflow:hidden; \"><img decoding=\"async\" src=\"http:\/\/www.juanramonplana.es\/wp-content\/uploads\/2016\/03\/jrp-foa2016-publico-215x215.jpg\" class=\"ggImg ggNotInitImg\" alt=\"JRP foa2016 publico\" title=\"JRP foa2016 publico\" data-description=\"JRP foa2016 publico\" data-caption=\"El Futuro de la publicidad en 2016\" data-title=\"JRP foa2016 publico\" style=\" width:215px; height:215px; \" \/><\/div><FIGCAPTION class=\"\" data-alpha=\"5\" style=\"color:#ffffff; background-color:#0a076d; font-size:140; text-align:left; font-family:Default;\" ><div class=\"grid-gallery-figcaption-wrap\" style=\" \"><\/div><\/FIGCAPTION><\/FIGURE> <FIGURE class=\"grid-gallery-caption \" data-grid-gallery-type=\"revolving-door-left\" data-index=\"6\" style=\"display:none;border-radius: 00; ; margin: 0px; width:2150;\" ><div class=\"crop \" style=\" width:2150; height:2150; overflow:hidden; \"><img decoding=\"async\" src=\"http:\/\/www.juanramonplana.es\/wp-content\/uploads\/2016\/03\/jrp-foa-2016-foto-b1-215x215.jpg\" class=\"ggImg ggNotInitImg\" alt=\"JRP FOA 2016 FOTO B\" title=\"JRP FOA 2016 FOTO B\" data-description=\"JRP FOA 2016 FOTO B\" data-caption=\"Future of Advertising 2016\" data-title=\"JRP FOA 2016 FOTO B\" style=\" width:215px; height:215px; \" \/><\/div><FIGCAPTION class=\"\" data-alpha=\"5\" style=\"color:#ffffff; background-color:#0a076d; font-size:140; text-align:left; font-family:Default;\" ><div class=\"grid-gallery-figcaption-wrap\" style=\" \"><\/div><\/FIGCAPTION><\/FIGURE> <FIGURE class=\"grid-gallery-caption \" data-grid-gallery-type=\"revolving-door-left\" data-index=\"7\" style=\"display:none;border-radius: 00; ; margin: 0px; width:2150;\" ><div class=\"crop \" style=\" width:2150; height:2150; overflow:hidden; \"><img decoding=\"async\" src=\"http:\/\/www.juanramonplana.es\/wp-content\/uploads\/2016\/03\/jr-foa-2016-y-bb-de-fotografa-1-215x215.jpg\" class=\"ggImg ggNotInitImg\" alt=\"JR FOA 2016 y BB de fotografa (1)\" title=\"JR FOA 2016 y BB de fotografa (1)\" data-description=\"JR FOA 2016 y BB de fotografa (1)\" data-caption=\"Juan Ram\u00f3n inaugurando el Congreso de El Futuro de la Publicidad\" data-title=\"JR FOA 2016 y BB de fotografa (1)\" style=\" width:215px; height:215px; \" \/><\/div><FIGCAPTION class=\"\" data-alpha=\"5\" style=\"color:#ffffff; background-color:#0a076d; font-size:140; text-align:left; font-family:Default;\" ><div class=\"grid-gallery-figcaption-wrap\" style=\" \"><\/div><\/FIGCAPTION><\/FIGURE> <FIGURE class=\"grid-gallery-caption \" data-grid-gallery-type=\"revolving-door-left\" data-index=\"8\" style=\"display:none;border-radius: 00; ; margin: 0px; width:2150;\" ><div class=\"crop \" style=\" width:2150; height:2150; overflow:hidden; \"><img decoding=\"async\" src=\"http:\/\/www.juanramonplana.es\/wp-content\/uploads\/2016\/03\/jr-p-foa-2016-mas-besos-menos-tuits-1-215x215.jpg\" class=\"ggImg ggNotInitImg\" alt=\"JR P FOA 2016 mas besos menos tuits (1)\" title=\"JR P FOA 2016 mas besos menos tuits (1)\" data-description=\"JR P FOA 2016 mas besos menos tuits (1)\" data-caption=\"\u201cMore tweets &amp; less kiss\u201d by Juan Ram\u00f3n Plana\" data-title=\"JR P FOA 2016 mas besos menos tuits (1)\" style=\" width:215px; height:215px; \" \/><\/div><FIGCAPTION class=\"\" data-alpha=\"5\" style=\"color:#ffffff; background-color:#0a076d; font-size:140; text-align:left; font-family:Default;\" ><div class=\"grid-gallery-figcaption-wrap\" style=\" \"><\/div><\/FIGCAPTION><\/FIGURE> <div class=\"grid-gallery-clearfix\"><\/div> <\/div> <div class=\"gallery-sharing-bottom\" style=\"display:none;\"> <\/div> <div class=\"gallery-sharing-image\" style=\"display:none;\"> <\/div> <div class=\"gallery-sharing-popup\" style=\"display:none;\"> <\/div> <div class=\"grid-gallery-clearfix\"><\/div> <\/div> <!-- Gallery by Supsystic plugin 1.15.25 --><a title=\"Gallery Plugin\" style=\"display:none;\" href=\"https:\/\/supsystic.com\/plugins\/photo-gallery\/?utm_medium=love_link\" target=\"_blank\">Gallery Plugin<\/a>\n<p>&nbsp;<\/p>\n<p>El Futuro de la Publicidad o The Future of Advertising es una reflexi\u00f3n colectiva que realizamos anualmente el sector de la publicidad. Es ya costumbre que realice una introducci\u00f3n cari\u00f1osa a la jornada, a modo de ponencia inaugural.<\/p>\n","protected":false},"excerpt":{"rendered":"<p>&nbsp; El Futuro de la Publicidad o The Future of Advertising es una reflexi\u00f3n colectiva que realizamos anualmente el sector &hellip;<\/p>\n<p><a href=\"http:\/\/www.juanramonplana.es\/index.php\/future-of-advertising\/\">Continue reading <span class=\"meta-nav\">&rarr;<\/span><\/a><\/p>\n","protected":false},"author":1,"featured_media":342,"parent":0,"menu_order":0,"comment_status":"closed","ping_status":"closed","template":"","meta":{"footnotes":""},"_links":{"self":[{"href":"http:\/\/www.juanramonplana.es\/index.php\/wp-json\/wp\/v2\/pages\/330"}],"collection":[{"href":"http:\/\/www.juanramonplana.es\/index.php\/wp-json\/wp\/v2\/pages"}],"about":[{"href":"http:\/\/www.juanramonplana.es\/index.php\/wp-json\/wp\/v2\/types\/page"}],"author":[{"embeddable":true,"href":"http:\/\/www.juanramonplana.es\/index.php\/wp-json\/wp\/v2\/users\/1"}],"replies":[{"embeddable":true,"href":"http:\/\/www.juanramonplana.es\/index.php\/wp-json\/wp\/v2\/comments?post=330"}],"version-history":[{"count":14,"href":"http:\/\/www.juanramonplana.es\/index.php\/wp-json\/wp\/v2\/pages\/330\/revisions"}],"predecessor-version":[{"id":396,"href":"http:\/\/www.juanramonplana.es\/index.php\/wp-json\/wp\/v2\/pages\/330\/revisions\/396"}],"wp:featuredmedia":[{"embeddable":true,"href":"http:\/\/www.juanramonplana.es\/index.php\/wp-json\/wp\/v2\/media\/342"}],"wp:attachment":[{"href":"http:\/\/www.juanramonplana.es\/index.php\/wp-json\/wp\/v2\/media?parent=330"}],"curies":[{"name":"wp","href":"https:\/\/api.w.org\/{rel}","templated":true}]}}