{"id":8,"date":"2014-06-07T18:34:02","date_gmt":"2014-06-07T18:34:02","guid":{"rendered":"http:\/\/kalifaticoexpialidoso.wordpress.com\/?page_id=1"},"modified":"2017-05-07T19:23:59","modified_gmt":"2017-05-07T19:23:59","slug":"acerca-de","status":"publish","type":"page","link":"http:\/\/www.juanramonplana.es\/","title":{"rendered":"El coleccionista de saludos"},"content":{"rendered":"<p><img loading=\"lazy\" decoding=\"async\" width=\"475\" height=\"684\" class=\"alignnone size-medium wp-image-445\" src=\"http:\/\/www.juanramonplana.es\/wp-content\/uploads\/2014\/06\/portada-libro.jpg\" alt=\"\" srcset=\"http:\/\/www.juanramonplana.es\/wp-content\/uploads\/2014\/06\/portada-libro.jpg 475w, http:\/\/www.juanramonplana.es\/wp-content\/uploads\/2014\/06\/portada-libro-208x300.jpg 208w\" sizes=\"(max-width: 475px) 100vw, 475px\" \/><\/p>\n<p>Singular y divertido viaje en busca de la esencia del saludo, el m\u00e1s<br \/>\ngenuino de los procesos de comunicaci\u00f3n humana. El saludo puede ser<br \/>\nun momento fugaz, que pase inadvertido, pero hay quien logra convertir<br \/>\nesos momentos y muchos otros aparentemente triviales, en una experiencia.<br \/>\nPeque\u00f1os relatos, todos ellos sugestivos, surgidos o relacionados con la<br \/>\npersona objeto de cada apret\u00f3n de manos.<br \/>\nC\u00f3mo te presentas, con qu\u00e9 energ\u00eda, con qu\u00e9 brillo en los ojos, depende<br \/>\nsolo de ti. En breves l\u00edneas, y utilizando los apretones de mano como excusa,<br \/>\ny como si se tratara de spots de 20-25 segundos, Juan Ram\u00f3n y Bel\u00e9n<br \/>\nnos hacen una descripci\u00f3n sint\u00e9tica de personas famosas mostr\u00e1ndonos su<br \/>\naspecto m\u00e1s emotivo y humano.<br \/>\nHace falta talento, sensibilidad y un sexto sentido innato para arrebatar<br \/>\nla esencia del interlocutor en tan escasos segundos.<br \/>\nEste libro es el testimonio de toda una experiencia de vida, la de Juan<br \/>\nRam\u00f3n Plana recogida y canalizada por Bel\u00e9n Boville, y es al mismo tiempo<br \/>\nuna reflexi\u00f3n sobre el saludo, sobre la comunicaci\u00f3n no verbal, sobre el sentido<br \/>\ndel tacto y el protocolo. Sobre todo aquello que decimos con nuestro<br \/>\ncuerpo, nuestra forma de andar y movernos.<br \/>\nExisten palabras y gestos m\u00e1gicos que abren puertas, inauguran amistades<br \/>\ny nos permiten relacionarnos en armon\u00eda con el universo&#8230; Abr\u00e1moslas.<\/p>\n<div class=\"ufbl-form-wrapper ufbl-default-template\" style=\"width:82%;\">\r\n    <form method=\"post\" action=\"\" class=\"ufbl-front-form\">\r\n\t\t\t\t\t\t<input type=\"hidden\" name=\"form_id\" value=\"2\" class=\"form-id\"\/>\r\n\t\t\t\t\t\t\t\t<div class=\"ufbl-form-field-wrap \" >\r\n\t\t\t\t\t\t\t<label>Nombre<\/label>\r\n\t\t\t\t\t\t\t<div class=\"ufbl-form-field\">\r\n\t\t\t\t\t\t\t\t<input type=\"text\" name=\"ufbl_field_1\" class=\"ufbl-form-textfield ufbl-required\" data-max-chars=\"\" data-min-chars=\"\" data-error-message=\"Introduzca su nombre\" placeholder=\"Su nombre\" value=\"\"\/>\r\n\t\t\t\t\t\t\t\t<div class=\"ufbl-error\"  data-error-key=\"ufbl_field_1\"><\/div>\r\n\t\t\t\t\t\t\t<\/div>\r\n\t\t\t\t\t\t<\/div>\t\r\n\t\t\t\t\t\t\t\t\t\t\t\t<div class=\"ufbl-form-field-wrap email\" >\r\n\t\t\t\t\t\t\t<label>Su email<\/label>\r\n\t\t\t\t\t\t\t<div class=\"ufbl-form-field\">\r\n\t\t\t\t\t\t\t\t<input type=\"email\" name=\"ufbl_field_2\" class=\"ufbl-email-field ufbl-required\" data-error-message=\"\" placeholder=\"Su email\" value=\"\"\/>\r\n\t\t\t\t\t\t\t\t<div class=\"ufbl-error\"  data-error-key=\"ufbl_field_2\"><\/div>\r\n\t\t\t\t\t\t\t<\/div>\r\n\t\t\t\t\t\t<\/div>\r\n\t\t\t\t\t\t\t\t\t\t\t\t<div class=\"ufbl-form-field-wrap \" >\r\n\t\t\t\t\t\t\t<label>Comentarios<\/label>\r\n\t\t\t\t\t\t\t<div class=\"ufbl-form-field\">\r\n\t\t\t\t\t\t\t\t<textarea name=\"ufbl_field_3\" class=\"ufbl-form-textarea ufbl-required\" data-max-chars=\"\" data-min-chars=\"\" data-error-message=\"\" rows=\"5\" cols=\"10\" placeholder=\"\"><\/textarea>\r\n\t\t\t\t\t\t\t\t<div class=\"ufbl-error\"  data-error-key=\"ufbl_field_3\"><\/div>\r\n\t\t\t\t\t\t\t<\/div>\r\n\t\t\t\t\t\t<\/div>\r\n\t\t\t\t\t\t\t\t\t\t\t\t<div class=\"ufbl-form-field-wrap \" >\r\n\t\t\t\t\t\t\t<label>Cantidad de ejemplares<\/label>\r\n\t\t\t\t\t\t\t<div class=\"ufbl-form-field\">\r\n\t\t\t\t\t\t\t\t<input type=\"number\" name=\"ufbl_field_4\" class=\"ufbl-number-field ufbl-required\" data-error-message=\"Introduzca la cantidad de ejemplares solicitados\" placeholder=\"\" value=\"\" data-max-chars=\"\" data-min-chars=\"\"\/>\r\n\t\t\t\t\t\t\t\t<div class=\"ufbl-error\" data-error-key=\"ufbl_field_4\"><\/div>\r\n\t\t\t\t\t\t\t<\/div>\r\n\t\t\t\t\t\t<\/div>\r\n\t\t\t\t\t\t\t\t\t\t\t\t<div class=\"ufbl-form-field-wrap \" >\r\n\t\t\t\t\t\t\t<label><\/label>\r\n\t\t\t\t\t\t\t<div class=\"ufbl-form-field\">\r\n\t\t\t\t\t\t\t\t\t\t\t\t\t\t\t\t\t<div class=\"ufbl-math-captcha-wrap\">\r\n\t\t\t\t\t\t\t\t\t\t<span class=\"ufbl-captcha-num\">3<\/span> + <span>7<\/span> = <input type=\"text\" name=\"ufbl_field_5\" class=\"ufbl-math-captcha-ans\" placeholder=\"\u00bfResultado?\"\/>\r\n\t\t\t\t\t\t\t\t\t\t<input type=\"hidden\" name=\"ufbl_field_5_num_1\" value=\"3\"\/>\r\n\t\t\t\t\t\t\t\t\t\t<input type=\"hidden\" name=\"ufbl_field_5_num_2\" value=\"7\"\/>\r\n\t\t\t\t\t\t\t\t\t<\/div>\r\n\t\t\t\t\t\t\t\t\r\n\t\t\t\t\t\t\t\t<div class=\"ufbl-error\" data-error-key=\"ufbl_field_5\"><\/div>\r\n\t\t\t\t\t\t\t<\/div>\r\n\t\t\t\t\t\t<\/div>\r\n\t\t\t\t\t\t\t\t\t\t\t\t<div class=\"ufbl-form-field-wrap \" >\r\n\t\t\t\t\t\t\t<div class=\"ufbl-form-field\">\r\n\t\t\t\t\t\t\t\t<input type=\"submit\" class=\"ufbl-form-submit\" name=\"ufbl_field_6\" value=\"Enviar pedido\"\/>\r\n\t\t\t\t\t\t\t\t\t\t\t\t\t\t\t\t<span class=\"ufbl-form-loader\" style=\"display:none\"><\/span>\r\n\t\t\t\t\t\t\t<\/div>\r\n\t\t\t\t\t\t<\/div>\r\n\t\t\t\t\t\t\t\t<div class=\"ufbl-form-message\" style=\"display: none;\"><\/div>\r\n\r\n\t\t\t<\/form>\r\n\r\n<\/div>\r\n\r\n\n","protected":false},"excerpt":{"rendered":"<p>Singular y divertido viaje en busca de la esencia del saludo, el m\u00e1s genuino de los procesos de comunicaci\u00f3n humana. &hellip;<\/p>\n<p><a href=\"http:\/\/www.juanramonplana.es\/\">Continue reading <span class=\"meta-nav\">&rarr;<\/span><\/a><\/p>\n","protected":false},"author":1,"featured_media":300,"parent":0,"menu_order":3,"comment_status":"closed","ping_status":"open","template":"","meta":{"footnotes":""},"_links":{"self":[{"href":"http:\/\/www.juanramonplana.es\/index.php\/wp-json\/wp\/v2\/pages\/8"}],"collection":[{"href":"http:\/\/www.juanramonplana.es\/index.php\/wp-json\/wp\/v2\/pages"}],"about":[{"href":"http:\/\/www.juanramonplana.es\/index.php\/wp-json\/wp\/v2\/types\/page"}],"author":[{"embeddable":true,"href":"http:\/\/www.juanramonplana.es\/index.php\/wp-json\/wp\/v2\/users\/1"}],"replies":[{"embeddable":true,"href":"http:\/\/www.juanramonplana.es\/index.php\/wp-json\/wp\/v2\/comments?post=8"}],"version-history":[{"count":9,"href":"http:\/\/www.juanramonplana.es\/index.php\/wp-json\/wp\/v2\/pages\/8\/revisions"}],"predecessor-version":[{"id":447,"href":"http:\/\/www.juanramonplana.es\/index.php\/wp-json\/wp\/v2\/pages\/8\/revisions\/447"}],"wp:featuredmedia":[{"embeddable":true,"href":"http:\/\/www.juanramonplana.es\/index.php\/wp-json\/wp\/v2\/media\/300"}],"wp:attachment":[{"href":"http:\/\/www.juanramonplana.es\/index.php\/wp-json\/wp\/v2\/media?parent=8"}],"curies":[{"name":"wp","href":"https:\/\/api.w.org\/{rel}","templated":true}]}}