{"id":98,"date":"2016-01-11T17:52:29","date_gmt":"2016-01-11T17:52:29","guid":{"rendered":"https:\/\/kalifaticoexpialidoso.wordpress.com\/?page_id=98"},"modified":"2016-01-11T17:52:29","modified_gmt":"2016-01-11T17:52:29","slug":"como-te-puedo-ayudar","status":"publish","type":"page","link":"http:\/\/www.juanramonplana.es\/index.php\/como-te-puedo-ayudar\/","title":{"rendered":"C\u00f3mo te puedo ayudar"},"content":{"rendered":"<p>A lo largo de mi vida he cambiado de tareas y funciones; de empresas y de sectores. Pero siempre con la misma ocupaci\u00f3n fundamental: <strong>comunicar.<\/strong><\/p>\n<p>Favorecer la difusi\u00f3n del conocimiento, conectando con entusiasmo las personas. Dentro y fuera de las empresas. Manejando la ecuaci\u00f3n de Mi Piedra Filosofal:<\/p>\n<p><strong>Sabidur\u00eda = Conocimiento + Alegr\u00eda<\/strong><\/p>\n<p>En mi profesi\u00f3n he conocido y aplicado nuevas herramientas que permiten la difusi\u00f3n de la informaci\u00f3n, el conocimiento e incluso las emociones &#8211; como tweeter- a un gran n\u00famero de personas.<\/p>\n<div id=\"attachment_279\" style=\"width: 310px\" class=\"wp-caption alignnone\"><a href=\"https:\/\/kalifaticoexpialidoso.wordpress.com\/como-te-puedo-ayudar\/hablar-en-publico\/\" rel=\"attachment wp-att-279\"><img loading=\"lazy\" decoding=\"async\" aria-describedby=\"caption-attachment-279\" class=\"wp-image-279 size-medium\" src=\"http:\/\/www.juanramonplana.es\/wp-content\/uploads\/2016\/03\/jrp-foa2016-publico.jpg?w=300\" alt=\"El Futuro de la publicidad en 2016\" width=\"300\" height=\"200\" srcset=\"http:\/\/www.juanramonplana.es\/wp-content\/uploads\/2016\/03\/jrp-foa2016-publico.jpg 1200w, http:\/\/www.juanramonplana.es\/wp-content\/uploads\/2016\/03\/jrp-foa2016-publico-300x200.jpg 300w, http:\/\/www.juanramonplana.es\/wp-content\/uploads\/2016\/03\/jrp-foa2016-publico-768x513.jpg 768w, http:\/\/www.juanramonplana.es\/wp-content\/uploads\/2016\/03\/jrp-foa2016-publico-1024x684.jpg 1024w\" sizes=\"(max-width: 300px) 100vw, 300px\" \/><\/a><p id=\"caption-attachment-279\" class=\"wp-caption-text\">CURSO: C\u00f3mo hablar en p\u00fablico<\/p><\/div>\n<p>Pero no hay nada como la comunicaci\u00f3n directa, entre personas y sin \u00ab<em>interfaces<\/em>\u00ab. La comunicaci\u00f3n personal es delicada, pero tambi\u00e9n completa: no hay manera mejor de entrar en el contacto entre las almas, gracias a la sinton\u00eda de los cuerpos, las actitudes y la inteligencia. Eliminando las capas sup\u00e9rfluas del lenguage y los miedos a la acci\u00f3n en p\u00fablico. Esto es lo que intento transmitir a mis alumnos.<\/p>\n<div id=\"attachment_85\" style=\"width: 310px\" class=\"wp-caption alignright\"><a href=\"https:\/\/kalifaticoexpialidoso.wordpress.com\/como-te-puedo-ayudar\/marca-personal-y-profesional\/\" rel=\"attachment wp-att-85\"><img loading=\"lazy\" decoding=\"async\" aria-describedby=\"caption-attachment-85\" class=\"wp-image-85 size-medium\" src=\"http:\/\/www.juanramonplana.es\/wp-content\/uploads\/2015\/12\/jrp-02-academia_2013-jr_0013.jpg?w=300\" alt=\"Academia de Publicidad; Juan Ram\u00f3n Plana\" width=\"300\" height=\"200\" srcset=\"http:\/\/www.juanramonplana.es\/wp-content\/uploads\/2015\/12\/jrp-02-academia_2013-jr_0013.jpg 1100w, http:\/\/www.juanramonplana.es\/wp-content\/uploads\/2015\/12\/jrp-02-academia_2013-jr_0013-300x200.jpg 300w, http:\/\/www.juanramonplana.es\/wp-content\/uploads\/2015\/12\/jrp-02-academia_2013-jr_0013-768x512.jpg 768w, http:\/\/www.juanramonplana.es\/wp-content\/uploads\/2015\/12\/jrp-02-academia_2013-jr_0013-1024x682.jpg 1024w\" sizes=\"(max-width: 300px) 100vw, 300px\" \/><\/a><p id=\"caption-attachment-85\" class=\"wp-caption-text\">CURSO: Tu marca personal ayuda a tu marca profesional<\/p><\/div>\n<pre><\/pre>\n<p>La formaci\u00f3n tambi\u00e9n es una herramienta para la sabidur\u00eda que llevo en mi caja de herramientas. Me gusta pensar en la formaci\u00f3n, como un <strong>aprendizaje creativo<\/strong> en el que yo hago de catalizador: las empresas ya tienen a gente muy formada, y con grandes habilidades.<\/p>\n<p>Mi tarea es entrenar y reforzar estas habilidades y conocimientos para un aprendizaje contextual: en un entorno siempre cambiante, cada contexto precisa de su herramienta de estrategia y ejecuci\u00f3n.<\/p>\n<p>&nbsp;<\/p>\n<p>&nbsp;<\/p>\n","protected":false},"excerpt":{"rendered":"<p>A lo largo de mi vida he cambiado de tareas y funciones; de empresas y de sectores. Pero siempre con &hellip;<\/p>\n<p><a href=\"http:\/\/www.juanramonplana.es\/index.php\/como-te-puedo-ayudar\/\">Continue reading <span class=\"meta-nav\">&rarr;<\/span><\/a><\/p>\n","protected":false},"author":1,"featured_media":174,"parent":0,"menu_order":0,"comment_status":"open","ping_status":"open","template":"","meta":{"footnotes":""},"_links":{"self":[{"href":"http:\/\/www.juanramonplana.es\/index.php\/wp-json\/wp\/v2\/pages\/98"}],"collection":[{"href":"http:\/\/www.juanramonplana.es\/index.php\/wp-json\/wp\/v2\/pages"}],"about":[{"href":"http:\/\/www.juanramonplana.es\/index.php\/wp-json\/wp\/v2\/types\/page"}],"author":[{"embeddable":true,"href":"http:\/\/www.juanramonplana.es\/index.php\/wp-json\/wp\/v2\/users\/1"}],"replies":[{"embeddable":true,"href":"http:\/\/www.juanramonplana.es\/index.php\/wp-json\/wp\/v2\/comments?post=98"}],"version-history":[{"count":0,"href":"http:\/\/www.juanramonplana.es\/index.php\/wp-json\/wp\/v2\/pages\/98\/revisions"}],"wp:featuredmedia":[{"embeddable":true,"href":"http:\/\/www.juanramonplana.es\/index.php\/wp-json\/wp\/v2\/media\/174"}],"wp:attachment":[{"href":"http:\/\/www.juanramonplana.es\/index.php\/wp-json\/wp\/v2\/media?parent=98"}],"curies":[{"name":"wp","href":"https:\/\/api.w.org\/{rel}","templated":true}]}}